{"id":499,"date":"2015-02-17T17:16:31","date_gmt":"2015-02-17T16:16:31","guid":{"rendered":"http:\/\/ergonomic.de\/?page_id=499"},"modified":"2015-03-24T20:53:35","modified_gmt":"2015-03-24T19:53:35","slug":"impressum","status":"publish","type":"page","link":"https:\/\/ergonomic.de\/en\/impressum\/","title":{"rendered":"Impressum"},"content":{"rendered":"<h3>Herausgeber<\/h3>\n<\/p>\n<h3>Haftung\/Links zu anderen Websites<\/h3>\n<\/p>\n<h3>Urheberschutz<\/h3>\n<p>Die Informationen auf diesen Seiten, insbesondere die Forschungsberichte der zitierten Forschungseinrichtungen, unterliegen dem Urheberschutz. Dies gilt insbesondere f\u00fcr Vervielf\u00e4ltigung, Bearbeitung, \u00dcbersetzung, Einspeicherung, Verarbeitung bzw. Wiedergabe von Inhalten in Datenbanken oder anderen elektronischen Medien und Systemen. Fotokopien und Downloads von Web-Seiten zum Zweck der \u00f6ffentlichen Information sind erlaubt. Sie d\u00fcrfen jedoch ohne vorherige schriftliche Zustimmung der Anbieter nicht kommerziell verwertet werden.<\/p>\n<h3>Datenschutz<\/h3>\n<p>Personenbezogene Daten \u00fcber Zugriffe auf diese Website werden nicht gespeichert. Erhoben und gespeichert werden lediglich statistische Daten \u00fcber Zugriffe. Von dieser Website werden weder Cookies noch sonstige Mittel mit \u00e4hnlicher Wirkung gesetzt.<\/p>\n<p>Alle Anfragen werden vertraulich behandelt. Die Daten werden lediglich zur R\u00fcckantwort an den Fragesteller benutzt.<\/p>\n<h3>Geschlechtsneutralit\u00e4t<\/h3>\n<p>In den Texten wird aus Gr\u00fcnden der besseren Lesbarkeit bei geschlechtsspezifischen Begriffen die m\u00e4nnliche Form verwendet. Diese Form versteht sich explizit als geschlechtsneutral, Frauen sind an den entsprechenden Stellen mit eingeschlossen.<\/p>\n<h3>Konzept &amp; Design<\/h3>\n<p>freshwater<br \/>\nkreative Kommunikation<br \/>\nZionskirchstrasse 28<br \/>\n10119 Berlin<br \/>\n<a title=\"http:\/\/www.freshwater.de\/\" href=\"http:\/\/www.freshwater.de\" target=\"_blank\">http:\/\/www.freshwater.de<\/a><\/p>\n<h3>Programmierung<\/h3>\n<p>\/* pergopa kristinus gbr<br \/>\ninternet application development<br \/>\nlange strasse 31<br \/>\n60311 frankfurt\/main<br \/>\n<a title=\"http:\/\/www.pergopa.de\" href=\"http:\/\/www.pergopa.de\" target=\"_blank\">http:\/\/www.pergopa.de<\/a><br \/>\n<a title=\"http:\/\/www.redaxo.de\" href=\"http:\/\/www.redaxo.de\" target=\"_blank\">http:\/\/www.redaxo.de<\/a><\/p>\n","protected":false},"excerpt":{"rendered":"<p>Herausgeber Haftung\/Links zu anderen Websites Urheberschutz Die Informationen auf diesen Seiten, insbesondere die Forschungsberichte der zitierten Forschungseinrichtungen, unterliegen dem Urheberschutz. Dies gilt insbesondere f\u00fcr Vervielf\u00e4ltigung, Bearbeitung, \u00dcbersetzung, Einspeicherung, Verarbeitung bzw. Wiedergabe von Inhalten in Datenbanken oder anderen elektronischen Medien und Systemen. Fotokopien und Downloads von Web-Seiten zum Zweck der \u00f6ffentlichen Information sind erlaubt. Sie d\u00fcrfen [&hellip;]<\/p>\n","protected":false},"author":1,"featured_media":0,"parent":0,"menu_order":17,"comment_status":"open","ping_status":"open","template":"","meta":[],"acf":[],"_links":{"self":[{"href":"https:\/\/ergonomic.de\/en\/wp-json\/wp\/v2\/pages\/499"}],"collection":[{"href":"https:\/\/ergonomic.de\/en\/wp-json\/wp\/v2\/pages"}],"about":[{"href":"https:\/\/ergonomic.de\/en\/wp-json\/wp\/v2\/types\/page"}],"author":[{"embeddable":true,"href":"https:\/\/ergonomic.de\/en\/wp-json\/wp\/v2\/users\/1"}],"replies":[{"embeddable":true,"href":"https:\/\/ergonomic.de\/en\/wp-json\/wp\/v2\/comments?post=499"}],"version-history":[{"count":2,"href":"https:\/\/ergonomic.de\/en\/wp-json\/wp\/v2\/pages\/499\/revisions"}],"predecessor-version":[{"id":562,"href":"https:\/\/ergonomic.de\/en\/wp-json\/wp\/v2\/pages\/499\/revisions\/562"}],"wp:attachment":[{"href":"https:\/\/ergonomic.de\/en\/wp-json\/wp\/v2\/media?parent=499"}],"curies":[{"name":"wp","href":"https:\/\/api.w.org\/{rel}","templated":true}]}}